{"id":2,"date":"2022-04-08T15:47:41","date_gmt":"2022-04-08T13:47:41","guid":{"rendered":"https:\/\/www.aamedia.fr\/mikve\/?page_id=2"},"modified":"2026-03-31T17:17:43","modified_gmt":"2026-03-31T15:17:43","slug":"page-d-exemple","status":"publish","type":"page","link":"https:\/\/www.aamedia.fr\/mikve\/","title":{"rendered":"Mivke Pessah&rsquo; 5785"},"content":{"rendered":"\t\t<div data-elementor-type=\"wp-page\" data-elementor-id=\"2\" class=\"elementor elementor-2\" data-elementor-post-type=\"page\">\n\t\t\t\t\t\t<section class=\"elementor-section elementor-top-section elementor-element elementor-element-594ed90a elementor-section-boxed elementor-section-height-default elementor-section-height-default\" data-id=\"594ed90a\" data-element_type=\"section\">\n\t\t\t\t\t\t<div class=\"elementor-container elementor-column-gap-default\">\n\t\t\t\t\t<div class=\"elementor-column elementor-col-100 elementor-top-column elementor-element elementor-element-76098de2\" data-id=\"76098de2\" data-element_type=\"column\">\n\t\t\t<div class=\"elementor-widget-wrap elementor-element-populated\">\n\t\t\t\t\t\t<div class=\"elementor-element elementor-element-f342f0f elementor-widget elementor-widget-image\" data-id=\"f342f0f\" data-element_type=\"widget\" data-widget_type=\"image.default\">\n\t\t\t\t<div class=\"elementor-widget-container\">\n\t\t\t\t\t\t\t\t\t\t\t\t\t\t\t<img fetchpriority=\"high\" decoding=\"async\" width=\"750\" height=\"240\" src=\"https:\/\/www.aamedia.fr\/mikve\/wp-content\/uploads\/sites\/17\/2025\/09\/mikve-water-e1569584377544-scaled-e1746128331550-1024x328.jpg\" class=\"attachment-large size-large wp-image-115\" alt=\"\" srcset=\"https:\/\/www.aamedia.fr\/mikve\/wp-content\/uploads\/sites\/17\/2025\/09\/mikve-water-e1569584377544-scaled-e1746128331550-1024x328.jpg 1024w, https:\/\/www.aamedia.fr\/mikve\/wp-content\/uploads\/sites\/17\/2025\/09\/mikve-water-e1569584377544-scaled-e1746128331550-300x96.jpg 300w, https:\/\/www.aamedia.fr\/mikve\/wp-content\/uploads\/sites\/17\/2025\/09\/mikve-water-e1569584377544-scaled-e1746128331550-768x246.jpg 768w, https:\/\/www.aamedia.fr\/mikve\/wp-content\/uploads\/sites\/17\/2025\/09\/mikve-water-e1569584377544-scaled-e1746128331550-1536x492.jpg 1536w, https:\/\/www.aamedia.fr\/mikve\/wp-content\/uploads\/sites\/17\/2025\/09\/mikve-water-e1569584377544-scaled-e1746128331550-2048x656.jpg 2048w, https:\/\/www.aamedia.fr\/mikve\/wp-content\/uploads\/sites\/17\/2025\/09\/mikve-water-e1569584377544-scaled-e1746128331550-1568x502.jpg 1568w\" sizes=\"(max-width: 750px) 100vw, 750px\" style=\"width:100%;height:32.03%;max-width:2560px\" \/>\t\t\t\t\t\t\t\t\t\t\t\t\t\t\t<\/div>\n\t\t\t\t<\/div>\n\t\t\t\t<div class=\"elementor-element elementor-element-56598465 elementor-invisible elementor-widget elementor-widget-text-editor\" data-id=\"56598465\" data-element_type=\"widget\" data-settings=\"{&quot;_animation&quot;:&quot;fadeInDown&quot;}\" data-widget_type=\"text-editor.default\">\n\t\t\t\t<div class=\"elementor-widget-container\">\n\t\t\t\t\t\t\t\t\t<p>R\u00e9servation Pessah<\/p>\t\t\t\t\t\t\t\t<\/div>\n\t\t\t\t<\/div>\n\t\t\t\t<div class=\"elementor-element elementor-element-7816c22 elementor-widget elementor-widget-text-editor\" data-id=\"7816c22\" data-element_type=\"widget\" data-widget_type=\"text-editor.default\">\n\t\t\t\t<div class=\"elementor-widget-container\">\n\t\t\t\t\t\t\t\t\t<p>Messieurs,<\/p><p>La veille de Pessah, ce mercredi 1er avril, le Mikv\u00e9 hommes sera accessible.<\/p><p>Cependant, un liste de conditions doit \u00eatre strictement respect\u00e9e. <br \/>Il faudra :<br \/>&#8211; se doucher \u00e0 la maison juste avant de venir ;<br \/>&#8211; porter des v\u00eatements lav\u00e9s juste apr\u00e8s la douche ;<br \/>&#8211; apporter ses propres serviettes ;<br \/>&#8211; laisser 10 \u00e0 15 minutes entre 2 personnes (de foyers diff\u00e9rents) qui se trempent.<\/p><p>Ce dernier point nous oblige \u00e0 r\u00e9server notre cr\u00e9neau. Il y en aura 4 par heure. <br \/>Le premier cr\u00e9neau est \u00e0 13h30 et le dernier \u00e0 18h30 (afin de permettre un nettoyage des lieux d\u00e8s 18h45 pour les dames qui doivent \u00e9ventuellement se tremper le soir m\u00eame).<\/p><p>Merci d&rsquo;\u00eatre tr\u00e8s ponctuel. Celui qui pense \u00eatre en retard, qu&rsquo;il ne vienne pas car il risque de retarder le suivant qui n&rsquo;a pas \u00e0 subir le manque de rigueur du pr\u00e9c\u00e9dent. (de toute fa\u00e7on, la meilleure mani\u00e8re de passer \u00e0 l&rsquo;heure, c&rsquo;est d&rsquo;arriver en avance&#8230;)<\/p><p>Merci \u00e9galement d&rsquo;\u00eatre tr\u00e8s brefs sur place et de veiller \u00e0 un niveau de propret\u00e9 raisonnable. Un Goumi (raclette) est \u00e0 votre disposition sur place&#8230;<\/p><p>Votre r\u00e9servation en ligne est obligatoire et r\u00e9dhibitoire.<\/p><p>Merci de strictement se conformer aux consignes list\u00e9es.<\/p><p>PAF 6\u20ac. Quel que soit l&rsquo;\u00e2ge. PAF par personne et non par cr\u00e9neau&#8230; <br \/>(faites l&rsquo;appoint).<\/p><p>Merci.<\/p><p>Pessa&rsquo;h Cacher Wessam\u00e9a&rsquo;h !<\/p>\t\t\t\t\t\t\t\t<\/div>\n\t\t\t\t<\/div>\n\t\t\t\t<div class=\"elementor-element elementor-element-94ffead elementor-invisible elementor-widget elementor-widget-shortcode\" data-id=\"94ffead\" data-element_type=\"widget\" data-settings=\"{&quot;_animation&quot;:&quot;fadeInRight&quot;}\" data-widget_type=\"shortcode.default\">\n\t\t\t\t<div class=\"elementor-widget-container\">\n\t\t\t\t\t\t\t<div class=\"elementor-shortcode\"><form class=\"cpp_form no-prefetch\" name=\"cp_appbooking_pform_1\" id=\"cp_appbooking_pform_1\" action=\"\" method=\"post\" enctype=\"multipart\/form-data\" onsubmit=\"return cp_appbooking_pform_doValidate_1(this);\"><input type=\"hidden\" name=\"cp_pform_psequence\" value=\"_1\" \/><input type=\"hidden\" name=\"cp_appbooking_pform_process\" value=\"1\" \/><input type=\"hidden\" name=\"cp_appbooking_id\" value=\"1\" \/><input type=\"hidden\" name=\"cp_ref_page\" value=\"\" \/><input type=\"hidden\" name=\"form_structure_1\" id=\"form_structure_1\" size=\"180\" value=\"[[{&quot;form_identifier&quot;:&quot;&quot;,&quot;name&quot;:&quot;fieldname1&quot;,&quot;shortlabel&quot;:&quot;&quot;,&quot;index&quot;:0,&quot;ftype&quot;:&quot;fapp&quot;,&quot;userhelp&quot;:&quot;PAF 6\\u20ac. Quel que soit l&#039;\\u00e2ge.  (faites l&#039;appoint)&quot;,&quot;userhelpTooltip&quot;:&quot;&quot;,&quot;csslayout&quot;:&quot;&quot;,&quot;title&quot;:&quot;Champs Obligatoire&quot;,&quot;services&quot;:[{&quot;name&quot;:&quot;Pessah 5786&quot;,&quot;price&quot;:6,&quot;capacity&quot;:&quot;1&quot;,&quot;duration&quot;:&quot;15&quot;,&quot;pb&quot;:0,&quot;pa&quot;:0,&quot;ohindex&quot;:0,&quot;idx&quot;:1}],&quot;openhours&quot;:[],&quot;allOH&quot;:[{&quot;name&quot;:&quot;Default&quot;,&quot;openhours&quot;:[{&quot;type&quot;:&quot;d3&quot;,&quot;d&quot;:&quot;&quot;,&quot;h1&quot;:&quot;13&quot;,&quot;m1&quot;:&quot;30&quot;,&quot;h2&quot;:&quot;18&quot;,&quot;m2&quot;:&quot;45&quot;}]}],&quot;dateFormat&quot;:&quot;dd\\\/mm\\\/yy&quot;,&quot;showDropdown&quot;:false,&quot;showTotalCost&quot;:true,&quot;showTotalCostFormat&quot;:&quot;\\u20ac {0}&quot;,&quot;showEndTime&quot;:false,&quot;showQuantity&quot;:false,&quot;usedSlotsCheckbox&quot;:true,&quot;avoidOverlaping&quot;:true,&quot;emptySelectCheckbox&quot;:false,&quot;emptySelect&quot;:&quot;&quot;,&quot;dropdownRange&quot;:&quot;-10:+10&quot;,&quot;working_dates&quot;:[false,false,false,true,false,false,false],&quot;numberOfMonths&quot;:1,&quot;maxNumberOfApp&quot;:0,&quot;firstDay&quot;:&quot;1&quot;,&quot;minDate&quot;:&quot;&quot;,&quot;maxDate&quot;:&quot;&quot;,&quot;defaultDate&quot;:&quot;&quot;,&quot;invalidDates&quot;:&quot;04\\\/08\\\/2026-04\\\/15\\\/2026-04\\\/22\\\/2026-04\\\/29\\\/2026-&quot;,&quot;tmpinvalidDates&quot;:[{},{},{},{}],&quot;required&quot;:true,&quot;bSlotsCheckbox&quot;:true,&quot;bSlots&quot;:30,&quot;militaryTime&quot;:1,&quot;autonum&quot;:1,&quot;autonumStaff&quot;:0,&quot;quantityMin&quot;:1,&quot;fBuild&quot;:{},&quot;special_days&quot;:[],&quot;minDateTmp&quot;:&quot;&quot;,&quot;getMinDate&quot;:{},&quot;tmpinvalidDatestime&quot;:[1775599200000,1776204000000,1776808800000,1777413600000]},{&quot;form_identifier&quot;:&quot;&quot;,&quot;name&quot;:&quot;fieldname2&quot;,&quot;shortlabel&quot;:&quot;&quot;,&quot;index&quot;:1,&quot;ftype&quot;:&quot;ftext&quot;,&quot;userhelp&quot;:&quot;&quot;,&quot;userhelpTooltip&quot;:&quot;&quot;,&quot;csslayout&quot;:&quot;&quot;,&quot;title&quot;:&quot;Nom, Pr\\u00e9nom&quot;,&quot;predefined&quot;:&quot;&quot;,&quot;predefinedClick&quot;:false,&quot;required&quot;:true,&quot;size&quot;:&quot;medium&quot;,&quot;minlength&quot;:&quot;&quot;,&quot;maxlength&quot;:&quot;&quot;,&quot;equalTo&quot;:&quot;&quot;,&quot;fBuild&quot;:{}},{&quot;form_identifier&quot;:&quot;&quot;,&quot;name&quot;:&quot;fieldname4&quot;,&quot;shortlabel&quot;:&quot;&quot;,&quot;index&quot;:2,&quot;ftype&quot;:&quot;ftext&quot;,&quot;userhelp&quot;:&quot;&quot;,&quot;userhelpTooltip&quot;:&quot;&quot;,&quot;csslayout&quot;:&quot;&quot;,&quot;title&quot;:&quot;T\\u00e9l\\u00e9phone&quot;,&quot;predefined&quot;:&quot;&quot;,&quot;predefinedClick&quot;:false,&quot;required&quot;:true,&quot;size&quot;:&quot;medium&quot;,&quot;minlength&quot;:&quot;&quot;,&quot;maxlength&quot;:&quot;&quot;,&quot;equalTo&quot;:&quot;&quot;,&quot;fBuild&quot;:{}},{&quot;form_identifier&quot;:&quot;&quot;,&quot;name&quot;:&quot;fieldname3&quot;,&quot;shortlabel&quot;:&quot;&quot;,&quot;index&quot;:3,&quot;ftype&quot;:&quot;femail&quot;,&quot;userhelp&quot;:&quot;&quot;,&quot;userhelpTooltip&quot;:&quot;&quot;,&quot;csslayout&quot;:&quot;&quot;,&quot;title&quot;:&quot;E-mail&quot;,&quot;predefined&quot;:&quot;&quot;,&quot;predefinedClick&quot;:false,&quot;required&quot;:true,&quot;size&quot;:&quot;medium&quot;,&quot;equalTo&quot;:&quot;&quot;,&quot;fBuild&quot;:{}}],[{&quot;title&quot;:&quot;&quot;,&quot;description&quot;:&quot;&quot;,&quot;formlayout&quot;:&quot;top_aligned&quot;,&quot;formtemplate&quot;:&quot;&quot;,&quot;evalequations&quot;:1,&quot;autocomplete&quot;:1,&quot;autofocus&quot;:false}]]\" \/><input type=\"hidden\" name=\"refpage_1\" id=\"refpage_1\" value=\"\"><input type=\"hidden\" name=\"cp_appbooking_pform_status\" value=\"0\" \/><input name=\"anonce\" type=\"hidden\" value=\"9fe04f6897\"\/>\r\n<div id=\"fbuilder\">\r\n    <div id=\"fbuilder_1\">\r\n        <div id=\"formheader_1\"><\/div>\r\n        <div id=\"fieldlist_1\"><\/div>\r\n    <\/div>\r\n<\/div>\r\n<div style=\"display:none\">\r\n<div id=\"cpcaptchalayer_1\" class=\"cpcaptchalayer\">\r\n <div class=\"fields\" id=\"field-c0\" style=\"display:none\">\r\n    <label><\/label>\r\n    <div class=\"dfield\"><!--addons-payment-options--><\/div>\r\n    <div class=\"clearer\"><\/div>\r\n <\/div>\r\n<!-- rcadon -->\r\n<\/div>\r\n<\/div>\r\n<div id=\"cp_subbtn_1\" class=\"cp_subbtn\">Reserver<\/div>\r\n<div style=\"clear:both;\"><\/div>\r\n<\/form>\r\n<\/div>\n\t\t\t\t\t\t<\/div>\n\t\t\t\t<\/div>\n\t\t\t\t\t<\/div>\n\t\t<\/div>\n\t\t\t\t\t<\/div>\n\t\t<\/section>\n\t\t\t\t<section class=\"elementor-section elementor-top-section elementor-element elementor-element-2919a0c elementor-section-boxed elementor-section-height-default elementor-section-height-default\" data-id=\"2919a0c\" data-element_type=\"section\">\n\t\t\t\t\t\t<div class=\"elementor-container elementor-column-gap-default\">\n\t\t\t\t\t<div class=\"elementor-column elementor-col-100 elementor-top-column elementor-element elementor-element-d749fa8\" data-id=\"d749fa8\" data-element_type=\"column\">\n\t\t\t<div class=\"elementor-widget-wrap elementor-element-populated\">\n\t\t\t\t\t\t<div class=\"elementor-element elementor-element-faf9ae5 elementor-widget elementor-widget-spacer\" data-id=\"faf9ae5\" data-element_type=\"widget\" data-widget_type=\"spacer.default\">\n\t\t\t\t<div class=\"elementor-widget-container\">\n\t\t\t\t\t\t\t<div class=\"elementor-spacer\">\n\t\t\t<div class=\"elementor-spacer-inner\"><\/div>\n\t\t<\/div>\n\t\t\t\t\t\t<\/div>\n\t\t\t\t<\/div>\n\t\t\t\t<div class=\"elementor-element elementor-element-fcabbfa elementor-widget elementor-widget-text-editor\" data-id=\"fcabbfa\" data-element_type=\"widget\" data-widget_type=\"text-editor.default\">\n\t\t\t\t<div class=\"elementor-widget-container\">\n\t\t\t\t\t\t\t\t\t<p><span style=\"color: #ffffff;\">Fait avec\u00a0<img decoding=\"async\" class=\"emoji\" role=\"img\" draggable=\"false\" src=\"https:\/\/s.w.org\/images\/core\/emoji\/14.0.0\/svg\/1f496.svg\" alt=\"\ud83d\udc96\" \/>\u00a0par<\/span>\u00a0<a href=\"http:\/\/aamedia.fr\/\">AAMEDIA<\/a><\/p>\t\t\t\t\t\t\t\t<\/div>\n\t\t\t\t<\/div>\n\t\t\t\t\t<\/div>\n\t\t<\/div>\n\t\t\t\t\t<\/div>\n\t\t<\/section>\n\t\t\t\t<\/div>\n\t\t","protected":false},"excerpt":{"rendered":"<p>R\u00e9servation Pessah Messieurs, La veille de Pessah, ce mercredi 1er avril, le Mikv\u00e9 hommes sera accessible. Cependant, un liste de conditions doit \u00eatre strictement respect\u00e9e. Il faudra :&#8211; se doucher \u00e0 la maison juste avant de venir ;&#8211; porter des v\u00eatements lav\u00e9s juste apr\u00e8s la douche ;&#8211; apporter ses propres serviettes ;&#8211; laisser 10 \u00e0&hellip; <a class=\"more-link\" href=\"https:\/\/www.aamedia.fr\/mikve\/\">Poursuivre la lecture <span class=\"screen-reader-text\">Mivke Pessah&rsquo; 5785<\/span><\/a><\/p>\n","protected":false},"author":1,"featured_media":0,"parent":0,"menu_order":0,"comment_status":"closed","ping_status":"closed","template":"","meta":{"footnotes":""},"class_list":["post-2","page","type-page","status-publish","hentry","entry"],"yoast_head":"<!-- This site is optimized with the Yoast SEO plugin v27.2 - https:\/\/yoast.com\/product\/yoast-seo-wordpress\/ -->\n<title>Mivke Pessah&#039; 5785 - Mikve Villiers le Bel<\/title>\n<meta name=\"robots\" content=\"index, follow, max-snippet:-1, max-image-preview:large, max-video-preview:-1\" \/>\n<link rel=\"canonical\" href=\"https:\/\/www.aamedia.fr\/mikve\/\" \/>\n<meta property=\"og:locale\" content=\"fr_FR\" \/>\n<meta property=\"og:type\" content=\"article\" \/>\n<meta property=\"og:title\" content=\"Mivke Pessah&#039; 5785 - Mikve Villiers le Bel\" \/>\n<meta property=\"og:description\" content=\"R\u00e9servation Pessah Messieurs, La veille de Pessah, ce mercredi 1er avril, le Mikv\u00e9 hommes sera accessible. Cependant, un liste de conditions doit \u00eatre strictement respect\u00e9e. Il faudra :&#8211; se doucher \u00e0 la maison juste avant de venir ;&#8211; porter des v\u00eatements lav\u00e9s juste apr\u00e8s la douche ;&#8211; apporter ses propres serviettes ;&#8211; laisser 10 \u00e0&hellip; Poursuivre la lecture Mivke Pessah&rsquo; 5785\" \/>\n<meta property=\"og:url\" content=\"https:\/\/www.aamedia.fr\/mikve\/\" \/>\n<meta property=\"og:site_name\" content=\"Mikve Villiers le Bel\" \/>\n<meta property=\"article:modified_time\" content=\"2026-03-31T15:17:43+00:00\" \/>\n<meta property=\"og:image\" content=\"https:\/\/www.aamedia.fr\/mikve\/wp-content\/uploads\/sites\/17\/2025\/09\/mikve-water-e1569584377544-scaled-e1746128331550.jpg\" \/>\n\t<meta property=\"og:image:width\" content=\"2560\" \/>\n\t<meta property=\"og:image:height\" content=\"820\" \/>\n\t<meta property=\"og:image:type\" content=\"image\/jpeg\" \/>\n<meta name=\"twitter:card\" content=\"summary_large_image\" \/>\n<meta name=\"twitter:label1\" content=\"Dur\u00e9e de lecture estim\u00e9e\" \/>\n\t<meta name=\"twitter:data1\" content=\"2 minutes\" \/>\n<script type=\"application\/ld+json\" class=\"yoast-schema-graph\">{\"@context\":\"https:\/\/schema.org\",\"@graph\":[{\"@type\":\"WebPage\",\"@id\":\"https:\/\/www.aamedia.fr\/mikve\/\",\"url\":\"https:\/\/www.aamedia.fr\/mikve\/\",\"name\":\"Mivke Pessah' 5785 - Mikve Villiers le Bel\",\"isPartOf\":{\"@id\":\"https:\/\/www.aamedia.fr\/mikve\/#website\"},\"primaryImageOfPage\":{\"@id\":\"https:\/\/www.aamedia.fr\/mikve\/#primaryimage\"},\"image\":{\"@id\":\"https:\/\/www.aamedia.fr\/mikve\/#primaryimage\"},\"thumbnailUrl\":\"https:\/\/www.aamedia.fr\/mikve\/wp-content\/uploads\/sites\/17\/2025\/09\/mikve-water-e1569584377544-scaled-e1746128331550-1024x328.jpg\",\"datePublished\":\"2022-04-08T13:47:41+00:00\",\"dateModified\":\"2026-03-31T15:17:43+00:00\",\"breadcrumb\":{\"@id\":\"https:\/\/www.aamedia.fr\/mikve\/#breadcrumb\"},\"inLanguage\":\"fr-FR\",\"potentialAction\":[{\"@type\":\"ReadAction\",\"target\":[\"https:\/\/www.aamedia.fr\/mikve\/\"]}]},{\"@type\":\"ImageObject\",\"inLanguage\":\"fr-FR\",\"@id\":\"https:\/\/www.aamedia.fr\/mikve\/#primaryimage\",\"url\":\"https:\/\/www.aamedia.fr\/mikve\/wp-content\/uploads\/sites\/17\/2025\/09\/mikve-water-e1569584377544-scaled-e1746128331550.jpg\",\"contentUrl\":\"https:\/\/www.aamedia.fr\/mikve\/wp-content\/uploads\/sites\/17\/2025\/09\/mikve-water-e1569584377544-scaled-e1746128331550.jpg\",\"width\":2560,\"height\":820},{\"@type\":\"BreadcrumbList\",\"@id\":\"https:\/\/www.aamedia.fr\/mikve\/#breadcrumb\",\"itemListElement\":[{\"@type\":\"ListItem\",\"position\":1,\"name\":\"Accueil\",\"item\":\"https:\/\/www.aamedia.fr\/mikve\/\"},{\"@type\":\"ListItem\",\"position\":2,\"name\":\"Mivke Pessah&rsquo; 5785\"}]},{\"@type\":\"WebSite\",\"@id\":\"https:\/\/www.aamedia.fr\/mikve\/#website\",\"url\":\"https:\/\/www.aamedia.fr\/mikve\/\",\"name\":\"Mikve Villiers le Bel\",\"description\":\"Propulser par Propulser par &lt;a href=&quot;http:\/\/aamedia.fr&quot;&gt;AA Media&lt;\/a&gt;\",\"potentialAction\":[{\"@type\":\"SearchAction\",\"target\":{\"@type\":\"EntryPoint\",\"urlTemplate\":\"https:\/\/www.aamedia.fr\/mikve\/?s={search_term_string}\"},\"query-input\":{\"@type\":\"PropertyValueSpecification\",\"valueRequired\":true,\"valueName\":\"search_term_string\"}}],\"inLanguage\":\"fr-FR\"}]}<\/script>\n<!-- \/ Yoast SEO plugin. -->","yoast_head_json":{"title":"Mivke Pessah' 5785 - Mikve Villiers le Bel","robots":{"index":"index","follow":"follow","max-snippet":"max-snippet:-1","max-image-preview":"max-image-preview:large","max-video-preview":"max-video-preview:-1"},"canonical":"https:\/\/www.aamedia.fr\/mikve\/","og_locale":"fr_FR","og_type":"article","og_title":"Mivke Pessah' 5785 - Mikve Villiers le Bel","og_description":"R\u00e9servation Pessah Messieurs, La veille de Pessah, ce mercredi 1er avril, le Mikv\u00e9 hommes sera accessible. Cependant, un liste de conditions doit \u00eatre strictement respect\u00e9e. Il faudra :&#8211; se doucher \u00e0 la maison juste avant de venir ;&#8211; porter des v\u00eatements lav\u00e9s juste apr\u00e8s la douche ;&#8211; apporter ses propres serviettes ;&#8211; laisser 10 \u00e0&hellip; Poursuivre la lecture Mivke Pessah&rsquo; 5785","og_url":"https:\/\/www.aamedia.fr\/mikve\/","og_site_name":"Mikve Villiers le Bel","article_modified_time":"2026-03-31T15:17:43+00:00","og_image":[{"width":2560,"height":820,"url":"https:\/\/www.aamedia.fr\/mikve\/wp-content\/uploads\/sites\/17\/2025\/09\/mikve-water-e1569584377544-scaled-e1746128331550.jpg","type":"image\/jpeg"}],"twitter_card":"summary_large_image","twitter_misc":{"Dur\u00e9e de lecture estim\u00e9e":"2 minutes"},"schema":{"@context":"https:\/\/schema.org","@graph":[{"@type":"WebPage","@id":"https:\/\/www.aamedia.fr\/mikve\/","url":"https:\/\/www.aamedia.fr\/mikve\/","name":"Mivke Pessah' 5785 - Mikve Villiers le Bel","isPartOf":{"@id":"https:\/\/www.aamedia.fr\/mikve\/#website"},"primaryImageOfPage":{"@id":"https:\/\/www.aamedia.fr\/mikve\/#primaryimage"},"image":{"@id":"https:\/\/www.aamedia.fr\/mikve\/#primaryimage"},"thumbnailUrl":"https:\/\/www.aamedia.fr\/mikve\/wp-content\/uploads\/sites\/17\/2025\/09\/mikve-water-e1569584377544-scaled-e1746128331550-1024x328.jpg","datePublished":"2022-04-08T13:47:41+00:00","dateModified":"2026-03-31T15:17:43+00:00","breadcrumb":{"@id":"https:\/\/www.aamedia.fr\/mikve\/#breadcrumb"},"inLanguage":"fr-FR","potentialAction":[{"@type":"ReadAction","target":["https:\/\/www.aamedia.fr\/mikve\/"]}]},{"@type":"ImageObject","inLanguage":"fr-FR","@id":"https:\/\/www.aamedia.fr\/mikve\/#primaryimage","url":"https:\/\/www.aamedia.fr\/mikve\/wp-content\/uploads\/sites\/17\/2025\/09\/mikve-water-e1569584377544-scaled-e1746128331550.jpg","contentUrl":"https:\/\/www.aamedia.fr\/mikve\/wp-content\/uploads\/sites\/17\/2025\/09\/mikve-water-e1569584377544-scaled-e1746128331550.jpg","width":2560,"height":820},{"@type":"BreadcrumbList","@id":"https:\/\/www.aamedia.fr\/mikve\/#breadcrumb","itemListElement":[{"@type":"ListItem","position":1,"name":"Accueil","item":"https:\/\/www.aamedia.fr\/mikve\/"},{"@type":"ListItem","position":2,"name":"Mivke Pessah&rsquo; 5785"}]},{"@type":"WebSite","@id":"https:\/\/www.aamedia.fr\/mikve\/#website","url":"https:\/\/www.aamedia.fr\/mikve\/","name":"Mikve Villiers le Bel","description":"Propulser par Propulser par &lt;a href=&quot;http:\/\/aamedia.fr&quot;&gt;AA Media&lt;\/a&gt;","potentialAction":[{"@type":"SearchAction","target":{"@type":"EntryPoint","urlTemplate":"https:\/\/www.aamedia.fr\/mikve\/?s={search_term_string}"},"query-input":{"@type":"PropertyValueSpecification","valueRequired":true,"valueName":"search_term_string"}}],"inLanguage":"fr-FR"}]}},"_links":{"self":[{"href":"https:\/\/www.aamedia.fr\/mikve\/wp-json\/wp\/v2\/pages\/2","targetHints":{"allow":["GET"]}}],"collection":[{"href":"https:\/\/www.aamedia.fr\/mikve\/wp-json\/wp\/v2\/pages"}],"about":[{"href":"https:\/\/www.aamedia.fr\/mikve\/wp-json\/wp\/v2\/types\/page"}],"author":[{"embeddable":true,"href":"https:\/\/www.aamedia.fr\/mikve\/wp-json\/wp\/v2\/users\/1"}],"replies":[{"embeddable":true,"href":"https:\/\/www.aamedia.fr\/mikve\/wp-json\/wp\/v2\/comments?post=2"}],"version-history":[{"count":74,"href":"https:\/\/www.aamedia.fr\/mikve\/wp-json\/wp\/v2\/pages\/2\/revisions"}],"predecessor-version":[{"id":140,"href":"https:\/\/www.aamedia.fr\/mikve\/wp-json\/wp\/v2\/pages\/2\/revisions\/140"}],"wp:attachment":[{"href":"https:\/\/www.aamedia.fr\/mikve\/wp-json\/wp\/v2\/media?parent=2"}],"curies":[{"name":"wp","href":"https:\/\/api.w.org\/{rel}","templated":true}]}}