{"id":42,"date":"2025-05-01T21:15:17","date_gmt":"2025-05-01T19:15:17","guid":{"rendered":"https:\/\/www.aamedia.fr\/vlb\/?page_id=42"},"modified":"2026-04-24T17:04:31","modified_gmt":"2026-04-24T15:04:31","slug":"rbh","status":"publish","type":"page","link":"https:\/\/www.aamedia.fr\/vlb\/rbh\/","title":{"rendered":"Inscription Hilloula Rabbi Meir Baal Haness"},"content":{"rendered":"\t\t<div data-elementor-type=\"wp-page\" data-elementor-id=\"42\" class=\"elementor elementor-42\" data-elementor-post-type=\"page\">\n\t\t\t\t<div class=\"elementor-element elementor-element-2ab4529f e-flex e-con-boxed e-con e-parent\" data-id=\"2ab4529f\" data-element_type=\"container\">\n\t\t\t\t\t<div class=\"e-con-inner\">\n\t\t\t\t<div class=\"elementor-element elementor-element-2718c94 elementor-widget elementor-widget-text-editor\" data-id=\"2718c94\" data-element_type=\"widget\" data-widget_type=\"text-editor.default\">\n\t\t\t\t<div class=\"elementor-widget-container\">\n\t\t\t\t\t\t\t\t\t<div class=\"zU3lCe\" style=\"text-align: center;\">\u00a0 Inscription Hilloula Me\u00efr Baal Haness<\/div>\t\t\t\t\t\t\t\t<\/div>\n\t\t\t\t<\/div>\n\t\t\t\t<div class=\"elementor-element elementor-element-fa87c09 elementor-widget elementor-widget-text-editor\" data-id=\"fa87c09\" data-element_type=\"widget\" data-widget_type=\"text-editor.default\">\n\t\t\t\t<div class=\"elementor-widget-container\">\n\t\t\t\t\t\t\t\t\t<div class=\"zU3lCe\" style=\"text-align: center;\">Jeudi 30 avril \u00e0 20h<\/div>\t\t\t\t\t\t\t\t<\/div>\n\t\t\t\t<\/div>\n\t\t\t\t<div class=\"elementor-element elementor-element-e34fc85 elementor-widget elementor-widget-image\" data-id=\"e34fc85\" data-element_type=\"widget\" data-widget_type=\"image.default\">\n\t\t\t\t<div class=\"elementor-widget-container\">\n\t\t\t\t\t\t\t\t\t\t\t\t\t\t\t<img fetchpriority=\"high\" decoding=\"async\" width=\"1024\" height=\"277\" src=\"https:\/\/www.aamedia.fr\/vlb\/wp-content\/uploads\/sites\/30\/2025\/05\/megaban-1024x277.jpg\" class=\"attachment-large size-large wp-image-45\" alt=\"\" srcset=\"https:\/\/www.aamedia.fr\/vlb\/wp-content\/uploads\/sites\/30\/2025\/05\/megaban-1024x277.jpg 1024w, https:\/\/www.aamedia.fr\/vlb\/wp-content\/uploads\/sites\/30\/2025\/05\/megaban-300x81.jpg 300w, https:\/\/www.aamedia.fr\/vlb\/wp-content\/uploads\/sites\/30\/2025\/05\/megaban-768x208.jpg 768w, https:\/\/www.aamedia.fr\/vlb\/wp-content\/uploads\/sites\/30\/2025\/05\/megaban.jpg 1110w\" sizes=\"(max-width: 1024px) 100vw, 1024px\" \/>\t\t\t\t\t\t\t\t\t\t\t\t\t\t\t<\/div>\n\t\t\t\t<\/div>\n\t\t\t\t<div class=\"elementor-element elementor-element-9c339e7 elementor-widget elementor-widget-text-editor\" data-id=\"9c339e7\" data-element_type=\"widget\" data-widget_type=\"text-editor.default\">\n\t\t\t\t<div class=\"elementor-widget-container\">\n\t\t\t\t\t\t\t\t\t<p><strong>ALLUMAGE DE BOUGIES<\/strong><br \/><strong>ENTR\u00c9E LIBRE<br \/><\/strong><span style=\"color: #ff0000;\"><strong>R\u00e9servation jusqu&rsquo;au mardi 28 avril.<\/strong><\/span><\/p>\t\t\t\t\t\t\t\t<\/div>\n\t\t\t\t<\/div>\n\t\t\t\t<div class=\"elementor-element elementor-element-1d14da07 elementor-widget elementor-widget-shortcode\" data-id=\"1d14da07\" data-element_type=\"widget\" data-widget_type=\"shortcode.default\">\n\t\t\t\t<div class=\"elementor-widget-container\">\n\t\t\t\t\t\t\t<div class=\"elementor-shortcode\"><div class=\"wpforms-container wpforms-container-full wpforms-render-modern\" id=\"wpforms-6\"><form id=\"wpforms-form-6\" class=\"wpforms-validate wpforms-form\" data-formid=\"6\" method=\"post\" enctype=\"multipart\/form-data\" action=\"\/vlb\/wp-json\/wp\/v2\/pages\/42\" data-token=\"682d9baa3b0f4cbacf4e58d39c0c33b9\" data-token-time=\"1778158007\"><noscript class=\"wpforms-error-noscript\">Veuillez activer JavaScript dans votre navigateur pour remplir ce formulaire.<\/noscript><div class=\"wpforms-hidden\" id=\"wpforms-error-noscript\">Veuillez activer JavaScript dans votre navigateur pour remplir ce formulaire.<\/div><div class=\"wpforms-field-container\"><div id=\"wpforms-6-field_0-container\" class=\"wpforms-field wpforms-field-name\" data-field-id=\"0\"><fieldset><legend class=\"wpforms-field-label\">Nom <span class=\"wpforms-required-label\" aria-hidden=\"true\">*<\/span><\/legend><div class=\"wpforms-field-row wpforms-field-large\"><div class=\"wpforms-field-row-block wpforms-first wpforms-one-half\"><input type=\"text\" id=\"wpforms-6-field_0\" class=\"wpforms-field-name-first wpforms-field-required\" name=\"wpforms[fields][0][first]\" aria-errormessage=\"wpforms-6-field_0-error\" required><label for=\"wpforms-6-field_0\" class=\"wpforms-field-sublabel after\">Pr\u00e9nom<\/label><\/div><div class=\"wpforms-field-row-block wpforms-one-half\"><input type=\"text\" id=\"wpforms-6-field_0-last\" class=\"wpforms-field-name-last wpforms-field-required\" name=\"wpforms[fields][0][last]\" aria-errormessage=\"wpforms-6-field_0-last-error\" required><label for=\"wpforms-6-field_0-last\" class=\"wpforms-field-sublabel after\">Nom<\/label><\/div><\/div><\/fieldset><\/div><div id=\"wpforms-6-field_3-container\" class=\"wpforms-field wpforms-field-phone\" data-field-id=\"3\"><label class=\"wpforms-field-label\" for=\"wpforms-6-field_3\">T\u00e9l\u00e9phone<\/label><input type=\"tel\" id=\"wpforms-6-field_3\" class=\"wpforms-field-large wpforms-smart-phone-field\" data-rule-smart-phone-field=\"true\" name=\"wpforms[fields][3]\" aria-label=\"T\u00e9l\u00e9phone\" aria-errormessage=\"wpforms-6-field_3-error\" ><\/div><div id=\"wpforms-6-field_4-container\" class=\"wpforms-field wpforms-field-number\" data-field-id=\"4\"><label class=\"wpforms-field-label\" for=\"wpforms-6-field_4\">Nombres de personne(s) <span class=\"wpforms-required-label\" aria-hidden=\"true\">*<\/span><\/label><input type=\"number\" id=\"wpforms-6-field_4\" class=\"wpforms-field-large wpforms-field-required\" name=\"wpforms[fields][4]\" step=\"any\" aria-errormessage=\"wpforms-6-field_4-error\" required><\/div><\/div><!-- .wpforms-field-container --><div class=\"wpforms-submit-container\" ><input type=\"hidden\" name=\"wpforms[id]\" value=\"6\"><input type=\"hidden\" name=\"page_title\" value=\"\"><input type=\"hidden\" name=\"page_url\" value=\"https:\/\/www.aamedia.fr\/vlb\/wp-json\/wp\/v2\/pages\/42\"><input type=\"hidden\" name=\"url_referer\" value=\"\"><button type=\"submit\" name=\"wpforms[submit]\" id=\"wpforms-submit-6\" class=\"wpforms-submit\" data-alt-text=\"Envoi...\" data-submit-text=\"Envoyer\" aria-live=\"assertive\" value=\"wpforms-submit\">Envoyer<\/button><\/div><\/form><\/div>  <!-- .wpforms-container --><\/div>\n\t\t\t\t\t\t<\/div>\n\t\t\t\t<\/div>\n\t\t\t\t\t<\/div>\n\t\t\t\t<\/div>\n\t\t\t\t<\/div>\n\t\t","protected":false},"excerpt":{"rendered":"<p>\u00a0 Inscription Hilloula Me\u00efr Baal HanessJeudi 30 avril \u00e0 20h ALLUMAGE DE BOUGIESENTR\u00c9E LIBRER\u00e9servation jusqu&rsquo;au mardi 28 avril.<\/p>\n","protected":false},"author":1,"featured_media":0,"parent":0,"menu_order":0,"comment_status":"closed","ping_status":"closed","template":"","meta":{"site-sidebar-layout":"default","site-content-layout":"","ast-site-content-layout":"default","site-content-style":"default","site-sidebar-style":"default","ast-global-header-display":"","ast-banner-title-visibility":"","ast-main-header-display":"disabled","ast-hfb-above-header-display":"","ast-hfb-below-header-display":"","ast-hfb-mobile-header-display":"disabled","site-post-title":"disabled","ast-breadcrumbs-content":"","ast-featured-img":"","footer-sml-layout":"disabled","ast-disable-related-posts":"","theme-transparent-header-meta":"default","adv-header-id-meta":"","stick-header-meta":"","header-above-stick-meta":"","header-main-stick-meta":"","header-below-stick-meta":"","astra-migrate-meta-layouts":"set","ast-page-background-enabled":"default","ast-page-background-meta":{"desktop":{"background-color":"var(--ast-global-color-4)","background-image":"","background-repeat":"repeat","background-position":"center center","background-size":"auto","background-attachment":"scroll","background-type":"","background-media":"","overlay-type":"","overlay-color":"","overlay-opacity":"","overlay-gradient":""},"tablet":{"background-color":"","background-image":"","background-repeat":"repeat","background-position":"center center","background-size":"auto","background-attachment":"scroll","background-type":"","background-media":"","overlay-type":"","overlay-color":"","overlay-opacity":"","overlay-gradient":""},"mobile":{"background-color":"","background-image":"","background-repeat":"repeat","background-position":"center center","background-size":"auto","background-attachment":"scroll","background-type":"","background-media":"","overlay-type":"","overlay-color":"","overlay-opacity":"","overlay-gradient":""}},"ast-content-background-meta":{"desktop":{"background-color":"var(--ast-global-color-5)","background-image":"","background-repeat":"repeat","background-position":"center center","background-size":"auto","background-attachment":"scroll","background-type":"","background-media":"","overlay-type":"","overlay-color":"","overlay-opacity":"","overlay-gradient":""},"tablet":{"background-color":"var(--ast-global-color-5)","background-image":"","background-repeat":"repeat","background-position":"center center","background-size":"auto","background-attachment":"scroll","background-type":"","background-media":"","overlay-type":"","overlay-color":"","overlay-opacity":"","overlay-gradient":""},"mobile":{"background-color":"var(--ast-global-color-5)","background-image":"","background-repeat":"repeat","background-position":"center center","background-size":"auto","background-attachment":"scroll","background-type":"","background-media":"","overlay-type":"","overlay-color":"","overlay-opacity":"","overlay-gradient":""}},"footnotes":""},"class_list":["post-42","page","type-page","status-publish","hentry"],"yoast_head":"<!-- This site is optimized with the Yoast SEO plugin v27.4 - https:\/\/yoast.com\/product\/yoast-seo-wordpress\/ -->\n<title>Inscription Hilloula Rabbi Meir Baal Haness - Villiers Le Bel<\/title>\n<meta name=\"robots\" content=\"index, follow, max-snippet:-1, max-image-preview:large, max-video-preview:-1\" \/>\n<link rel=\"canonical\" href=\"https:\/\/www.aamedia.fr\/vlb\/rbh\/\" \/>\n<meta property=\"og:locale\" content=\"fr_FR\" \/>\n<meta property=\"og:type\" content=\"article\" \/>\n<meta property=\"og:title\" content=\"Inscription Hilloula Rabbi Meir Baal Haness - Villiers Le Bel\" \/>\n<meta property=\"og:description\" content=\"\u00a0 Inscription Hilloula Me\u00efr Baal HanessJeudi 30 avril \u00e0 20h ALLUMAGE DE BOUGIESENTR\u00c9E LIBRER\u00e9servation jusqu&rsquo;au mardi 28 avril.\" \/>\n<meta property=\"og:url\" content=\"https:\/\/www.aamedia.fr\/vlb\/rbh\/\" \/>\n<meta property=\"og:site_name\" content=\"Villiers Le Bel\" \/>\n<meta property=\"article:modified_time\" content=\"2026-04-24T15:04:31+00:00\" \/>\n<meta property=\"og:image\" content=\"https:\/\/www.aamedia.fr\/vlb\/wp-content\/uploads\/sites\/30\/2025\/05\/megaban.jpg\" \/>\n\t<meta property=\"og:image:width\" content=\"1110\" \/>\n\t<meta property=\"og:image:height\" content=\"300\" \/>\n\t<meta property=\"og:image:type\" content=\"image\/jpeg\" \/>\n<meta name=\"twitter:card\" content=\"summary_large_image\" \/>\n<meta name=\"twitter:label1\" content=\"Dur\u00e9e de lecture estim\u00e9e\" \/>\n\t<meta name=\"twitter:data1\" content=\"1 minute\" \/>\n<script type=\"application\/ld+json\" class=\"yoast-schema-graph\">{\"@context\":\"https:\\\/\\\/schema.org\",\"@graph\":[{\"@type\":\"WebPage\",\"@id\":\"https:\\\/\\\/www.aamedia.fr\\\/vlb\\\/rbh\\\/\",\"url\":\"https:\\\/\\\/www.aamedia.fr\\\/vlb\\\/rbh\\\/\",\"name\":\"Inscription Hilloula Rabbi Meir Baal Haness - Villiers Le Bel\",\"isPartOf\":{\"@id\":\"https:\\\/\\\/www.aamedia.fr\\\/vlb\\\/#website\"},\"primaryImageOfPage\":{\"@id\":\"https:\\\/\\\/www.aamedia.fr\\\/vlb\\\/rbh\\\/#primaryimage\"},\"image\":{\"@id\":\"https:\\\/\\\/www.aamedia.fr\\\/vlb\\\/rbh\\\/#primaryimage\"},\"thumbnailUrl\":\"https:\\\/\\\/www.aamedia.fr\\\/vlb\\\/wp-content\\\/uploads\\\/sites\\\/30\\\/2025\\\/05\\\/megaban-1024x277.jpg\",\"datePublished\":\"2025-05-01T19:15:17+00:00\",\"dateModified\":\"2026-04-24T15:04:31+00:00\",\"breadcrumb\":{\"@id\":\"https:\\\/\\\/www.aamedia.fr\\\/vlb\\\/rbh\\\/#breadcrumb\"},\"inLanguage\":\"fr-FR\",\"potentialAction\":[{\"@type\":\"ReadAction\",\"target\":[\"https:\\\/\\\/www.aamedia.fr\\\/vlb\\\/rbh\\\/\"]}]},{\"@type\":\"ImageObject\",\"inLanguage\":\"fr-FR\",\"@id\":\"https:\\\/\\\/www.aamedia.fr\\\/vlb\\\/rbh\\\/#primaryimage\",\"url\":\"https:\\\/\\\/www.aamedia.fr\\\/vlb\\\/wp-content\\\/uploads\\\/sites\\\/30\\\/2025\\\/05\\\/megaban.jpg\",\"contentUrl\":\"https:\\\/\\\/www.aamedia.fr\\\/vlb\\\/wp-content\\\/uploads\\\/sites\\\/30\\\/2025\\\/05\\\/megaban.jpg\",\"width\":1110,\"height\":300},{\"@type\":\"BreadcrumbList\",\"@id\":\"https:\\\/\\\/www.aamedia.fr\\\/vlb\\\/rbh\\\/#breadcrumb\",\"itemListElement\":[{\"@type\":\"ListItem\",\"position\":1,\"name\":\"Accueil\",\"item\":\"https:\\\/\\\/www.aamedia.fr\\\/vlb\\\/\"},{\"@type\":\"ListItem\",\"position\":2,\"name\":\"Inscription Hilloula Rabbi Meir Baal Haness\"}]},{\"@type\":\"WebSite\",\"@id\":\"https:\\\/\\\/www.aamedia.fr\\\/vlb\\\/#website\",\"url\":\"https:\\\/\\\/www.aamedia.fr\\\/vlb\\\/\",\"name\":\"Villiers Le Bel\",\"description\":\"\",\"publisher\":{\"@id\":\"https:\\\/\\\/www.aamedia.fr\\\/vlb\\\/#organization\"},\"potentialAction\":[{\"@type\":\"SearchAction\",\"target\":{\"@type\":\"EntryPoint\",\"urlTemplate\":\"https:\\\/\\\/www.aamedia.fr\\\/vlb\\\/?s={search_term_string}\"},\"query-input\":{\"@type\":\"PropertyValueSpecification\",\"valueRequired\":true,\"valueName\":\"search_term_string\"}}],\"inLanguage\":\"fr-FR\"},{\"@type\":\"Organization\",\"@id\":\"https:\\\/\\\/www.aamedia.fr\\\/vlb\\\/#organization\",\"name\":\"Villiers Le Bel\",\"url\":\"https:\\\/\\\/www.aamedia.fr\\\/vlb\\\/\",\"logo\":{\"@type\":\"ImageObject\",\"inLanguage\":\"fr-FR\",\"@id\":\"https:\\\/\\\/www.aamedia.fr\\\/vlb\\\/#\\\/schema\\\/logo\\\/image\\\/\",\"url\":\"https:\\\/\\\/www.aamedia.fr\\\/vlb\\\/wp-content\\\/uploads\\\/sites\\\/30\\\/2025\\\/05\\\/Logo-Synagogue-Villiers-le-Bel-Yotse-Mitsraim.png\",\"contentUrl\":\"https:\\\/\\\/www.aamedia.fr\\\/vlb\\\/wp-content\\\/uploads\\\/sites\\\/30\\\/2025\\\/05\\\/Logo-Synagogue-Villiers-le-Bel-Yotse-Mitsraim.png\",\"width\":500,\"height\":500,\"caption\":\"Villiers Le Bel\"},\"image\":{\"@id\":\"https:\\\/\\\/www.aamedia.fr\\\/vlb\\\/#\\\/schema\\\/logo\\\/image\\\/\"}}]}<\/script>\n<!-- \/ Yoast SEO plugin. -->","yoast_head_json":{"title":"Inscription Hilloula Rabbi Meir Baal Haness - Villiers Le Bel","robots":{"index":"index","follow":"follow","max-snippet":"max-snippet:-1","max-image-preview":"max-image-preview:large","max-video-preview":"max-video-preview:-1"},"canonical":"https:\/\/www.aamedia.fr\/vlb\/rbh\/","og_locale":"fr_FR","og_type":"article","og_title":"Inscription Hilloula Rabbi Meir Baal Haness - Villiers Le Bel","og_description":"\u00a0 Inscription Hilloula Me\u00efr Baal HanessJeudi 30 avril \u00e0 20h ALLUMAGE DE BOUGIESENTR\u00c9E LIBRER\u00e9servation jusqu&rsquo;au mardi 28 avril.","og_url":"https:\/\/www.aamedia.fr\/vlb\/rbh\/","og_site_name":"Villiers Le Bel","article_modified_time":"2026-04-24T15:04:31+00:00","og_image":[{"width":1110,"height":300,"url":"https:\/\/www.aamedia.fr\/vlb\/wp-content\/uploads\/sites\/30\/2025\/05\/megaban.jpg","type":"image\/jpeg"}],"twitter_card":"summary_large_image","twitter_misc":{"Dur\u00e9e de lecture estim\u00e9e":"1 minute"},"schema":{"@context":"https:\/\/schema.org","@graph":[{"@type":"WebPage","@id":"https:\/\/www.aamedia.fr\/vlb\/rbh\/","url":"https:\/\/www.aamedia.fr\/vlb\/rbh\/","name":"Inscription Hilloula Rabbi Meir Baal Haness - Villiers Le Bel","isPartOf":{"@id":"https:\/\/www.aamedia.fr\/vlb\/#website"},"primaryImageOfPage":{"@id":"https:\/\/www.aamedia.fr\/vlb\/rbh\/#primaryimage"},"image":{"@id":"https:\/\/www.aamedia.fr\/vlb\/rbh\/#primaryimage"},"thumbnailUrl":"https:\/\/www.aamedia.fr\/vlb\/wp-content\/uploads\/sites\/30\/2025\/05\/megaban-1024x277.jpg","datePublished":"2025-05-01T19:15:17+00:00","dateModified":"2026-04-24T15:04:31+00:00","breadcrumb":{"@id":"https:\/\/www.aamedia.fr\/vlb\/rbh\/#breadcrumb"},"inLanguage":"fr-FR","potentialAction":[{"@type":"ReadAction","target":["https:\/\/www.aamedia.fr\/vlb\/rbh\/"]}]},{"@type":"ImageObject","inLanguage":"fr-FR","@id":"https:\/\/www.aamedia.fr\/vlb\/rbh\/#primaryimage","url":"https:\/\/www.aamedia.fr\/vlb\/wp-content\/uploads\/sites\/30\/2025\/05\/megaban.jpg","contentUrl":"https:\/\/www.aamedia.fr\/vlb\/wp-content\/uploads\/sites\/30\/2025\/05\/megaban.jpg","width":1110,"height":300},{"@type":"BreadcrumbList","@id":"https:\/\/www.aamedia.fr\/vlb\/rbh\/#breadcrumb","itemListElement":[{"@type":"ListItem","position":1,"name":"Accueil","item":"https:\/\/www.aamedia.fr\/vlb\/"},{"@type":"ListItem","position":2,"name":"Inscription Hilloula Rabbi Meir Baal Haness"}]},{"@type":"WebSite","@id":"https:\/\/www.aamedia.fr\/vlb\/#website","url":"https:\/\/www.aamedia.fr\/vlb\/","name":"Villiers Le Bel","description":"","publisher":{"@id":"https:\/\/www.aamedia.fr\/vlb\/#organization"},"potentialAction":[{"@type":"SearchAction","target":{"@type":"EntryPoint","urlTemplate":"https:\/\/www.aamedia.fr\/vlb\/?s={search_term_string}"},"query-input":{"@type":"PropertyValueSpecification","valueRequired":true,"valueName":"search_term_string"}}],"inLanguage":"fr-FR"},{"@type":"Organization","@id":"https:\/\/www.aamedia.fr\/vlb\/#organization","name":"Villiers Le Bel","url":"https:\/\/www.aamedia.fr\/vlb\/","logo":{"@type":"ImageObject","inLanguage":"fr-FR","@id":"https:\/\/www.aamedia.fr\/vlb\/#\/schema\/logo\/image\/","url":"https:\/\/www.aamedia.fr\/vlb\/wp-content\/uploads\/sites\/30\/2025\/05\/Logo-Synagogue-Villiers-le-Bel-Yotse-Mitsraim.png","contentUrl":"https:\/\/www.aamedia.fr\/vlb\/wp-content\/uploads\/sites\/30\/2025\/05\/Logo-Synagogue-Villiers-le-Bel-Yotse-Mitsraim.png","width":500,"height":500,"caption":"Villiers Le Bel"},"image":{"@id":"https:\/\/www.aamedia.fr\/vlb\/#\/schema\/logo\/image\/"}}]}},"_links":{"self":[{"href":"https:\/\/www.aamedia.fr\/vlb\/wp-json\/wp\/v2\/pages\/42","targetHints":{"allow":["GET"]}}],"collection":[{"href":"https:\/\/www.aamedia.fr\/vlb\/wp-json\/wp\/v2\/pages"}],"about":[{"href":"https:\/\/www.aamedia.fr\/vlb\/wp-json\/wp\/v2\/types\/page"}],"author":[{"embeddable":true,"href":"https:\/\/www.aamedia.fr\/vlb\/wp-json\/wp\/v2\/users\/1"}],"replies":[{"embeddable":true,"href":"https:\/\/www.aamedia.fr\/vlb\/wp-json\/wp\/v2\/comments?post=42"}],"version-history":[{"count":17,"href":"https:\/\/www.aamedia.fr\/vlb\/wp-json\/wp\/v2\/pages\/42\/revisions"}],"predecessor-version":[{"id":371,"href":"https:\/\/www.aamedia.fr\/vlb\/wp-json\/wp\/v2\/pages\/42\/revisions\/371"}],"wp:attachment":[{"href":"https:\/\/www.aamedia.fr\/vlb\/wp-json\/wp\/v2\/media?parent=42"}],"curies":[{"name":"wp","href":"https:\/\/api.w.org\/{rel}","templated":true}]}}